{"id":21714,"date":"2024-06-03T09:18:12","date_gmt":"2024-06-03T09:18:12","guid":{"rendered":"https:\/\/www.toerenensmikkelen.nl\/alle-autos\/beispiel-menue\/"},"modified":"2025-04-10T08:52:14","modified_gmt":"2025-04-10T08:52:14","slug":"beispiel-menue","status":"publish","type":"product","link":"https:\/\/www.toerenensmikkelen.nl\/de\/alle-autos\/beispiel-menue\/","title":{"rendered":"Beispiel-Men\u00fc"},"content":{"rendered":"<p>W\u00e4hrend Toer&#8216; n &amp; Smikkel&#8216; n k\u00f6nnen Sie ein Drei-G\u00e4nge-Men\u00fc bestellen. W\u00e4hrend der Tour werden Sie dann an drei verschiedenen Orten erwartet.<br \/>\nSo haben Sie den ganzen Tag lang tolles Essen in super netten Restaurants auf dem Weg. <\/p>\n<p><strong>Aperitif<\/strong>: Genie\u00dfen Sie ein k\u00f6stliches Getr\u00e4nk mit etwas Leckerem dazu als Start in diesen sch\u00f6nen Tag. Verschiedene K\u00f6stlichkeiten stehen auf der Speisekarte dieses sch\u00f6nen Ortes<br \/>\n<strong>Hauptgericht<\/strong>: W\u00e4hlen Sie zwischen Hot Chicken Sandwich (Erntebrot mit H\u00e4hnchenschenkel, gegrilltem Gem\u00fcse und Cajun-Mayonnaise), Thunfisch-Sandwich (Erntebrot mit hausgemachtem Thunfischsalat und Wasabi-Mayonnaise) und Nutters Delight (ofenwarme Focaccia mit Brie, Honig, Zwiebelchutney und N\u00fcssen) oder (gleichwertig) ein Gericht Ihrer Wahl aus der Speisekarte vor Ort.<br \/>\n<strong>Dessert<\/strong>: Sommerliches Himbeer-Trifle oder Kaffee\/Cappuccino-Spezial mit verschiedenen s\u00fc\u00dfen Leckereien und Schlagsahne.<\/p>\n<p>Getr\u00e4nke sind nicht inbegriffen und m\u00fcssen vor Ort bezahlt werden. Kaffee\/Tee, wie erw\u00e4hnt, ist bei einigen Gerichten inbegriffen. <\/p>\n<p>Die teilnehmenden Restaurants sind <b>Pavilion &#8218;t Lutterzand <\/b>in De Lutte, <strong>Theehuis Dennenoord<\/strong> in Vasse und das Restaurant <strong>Florilympha<\/strong> im Lutterzand. Sie erhalten eine detaillierte Routenbeschreibung. Der Startpunkt, wenn Sie einen Oldtimer gemietet haben, ist unsere Vermietstation in der Ambachtstraat 6b in De Lutte.  <\/p>\n<p>Sie k\u00f6nnen dieses Men\u00fc w\u00e4hrend der Oldtimer-Bestellung hinzuf\u00fcgen. Auf diese Weise k\u00f6nnen Sie es auch sp\u00e4ter neu anordnen. <\/p>\n","protected":false},"excerpt":{"rendered":"<p>W\u00e4hrend Toer&#8216; n &amp; Smikkel&#8216; n k\u00f6nnen Sie ein Drei-G\u00e4nge-Men\u00fc bestellen. W\u00e4hrend der Tour werden Sie dann an drei verschiedenen Orten erwartet. So haben Sie den ganzen Tag lang tolles Essen in super netten Restaurants auf dem Weg. Aperitif: Genie\u00dfen Sie ein k\u00f6stliches Getr\u00e4nk mit etwas Leckerem dazu als Start in diesen sch\u00f6nen Tag. Verschiedene [&hellip;]<\/p>\n","protected":false},"featured_media":21470,"template":"","meta":{"_acf_changed":false,"inline_featured_image":false},"product_brand":[],"product_cat":[119],"product_tag":[],"class_list":{"0":"post-21714","1":"product","2":"type-product","3":"status-publish","4":"has-post-thumbnail","6":"product_cat-beispiel-menu","8":"first","9":"instock","10":"taxable","11":"shipping-taxable","12":"purchasable","13":"product-type-simple"},"booking_location":null,"booking_location_type":null,"booking_duration":null,"booking_duration_unit":null,"booking_buffer":null,"booking_cost":null,"booking_resources":null,"acf":[],"yoast_head":"<!-- This site is optimized with the Yoast SEO plugin v27.4 - https:\/\/yoast.com\/product\/yoast-seo-wordpress\/ -->\n<title>Beispiel-Men\u00fc - Toeren en Smikkelen<\/title>\n<meta name=\"robots\" content=\"index, follow, max-snippet:-1, max-image-preview:large, max-video-preview:-1\" \/>\n<link rel=\"canonical\" href=\"https:\/\/www.toerenensmikkelen.nl\/de\/alle-autos\/beispiel-menue\/\" \/>\n<meta property=\"og:locale\" content=\"de_DE\" \/>\n<meta property=\"og:type\" content=\"article\" \/>\n<meta property=\"og:title\" content=\"Beispiel-Men\u00fc - Toeren en Smikkelen\" \/>\n<meta property=\"og:description\" content=\"W\u00e4hrend Toer&#8216; n &amp; Smikkel&#8216; n k\u00f6nnen Sie ein Drei-G\u00e4nge-Men\u00fc bestellen. W\u00e4hrend der Tour werden Sie dann an drei verschiedenen Orten erwartet. So haben Sie den ganzen Tag lang tolles Essen in super netten Restaurants auf dem Weg. Aperitif: Genie\u00dfen Sie ein k\u00f6stliches Getr\u00e4nk mit etwas Leckerem dazu als Start in diesen sch\u00f6nen Tag. Verschiedene [&hellip;]\" \/>\n<meta property=\"og:url\" content=\"https:\/\/www.toerenensmikkelen.nl\/de\/alle-autos\/beispiel-menue\/\" \/>\n<meta property=\"og:site_name\" content=\"Toeren en Smikkelen\" \/>\n<meta property=\"article:modified_time\" content=\"2025-04-10T08:52:14+00:00\" \/>\n<meta property=\"og:image\" content=\"https:\/\/www.toerenensmikkelen.nl\/wp-content\/uploads\/2024\/06\/IMG_84831.jpg\" \/>\n\t<meta property=\"og:image:width\" content=\"2048\" \/>\n\t<meta property=\"og:image:height\" content=\"2048\" \/>\n\t<meta property=\"og:image:type\" content=\"image\/jpeg\" \/>\n<meta name=\"twitter:card\" content=\"summary_large_image\" \/>\n<meta name=\"twitter:label1\" content=\"Gesch\u00e4tzte Lesezeit\" \/>\n\t<meta name=\"twitter:data1\" content=\"1\u00a0Minute\" \/>\n<script type=\"application\/ld+json\" class=\"yoast-schema-graph\">{\"@context\":\"https:\\\/\\\/schema.org\",\"@graph\":[{\"@type\":\"WebPage\",\"@id\":\"https:\\\/\\\/www.toerenensmikkelen.nl\\\/de\\\/alle-autos\\\/beispiel-menue\\\/\",\"url\":\"https:\\\/\\\/www.toerenensmikkelen.nl\\\/de\\\/alle-autos\\\/beispiel-menue\\\/\",\"name\":\"Beispiel-Men\u00fc - Toeren en Smikkelen\",\"isPartOf\":{\"@id\":\"https:\\\/\\\/www.toerenensmikkelen.nl\\\/de\\\/#website\"},\"primaryImageOfPage\":{\"@id\":\"https:\\\/\\\/www.toerenensmikkelen.nl\\\/de\\\/alle-autos\\\/beispiel-menue\\\/#primaryimage\"},\"image\":{\"@id\":\"https:\\\/\\\/www.toerenensmikkelen.nl\\\/de\\\/alle-autos\\\/beispiel-menue\\\/#primaryimage\"},\"thumbnailUrl\":\"https:\\\/\\\/www.toerenensmikkelen.nl\\\/wp-content\\\/uploads\\\/2024\\\/06\\\/IMG_84831.jpg\",\"datePublished\":\"2024-06-03T09:18:12+00:00\",\"dateModified\":\"2025-04-10T08:52:14+00:00\",\"breadcrumb\":{\"@id\":\"https:\\\/\\\/www.toerenensmikkelen.nl\\\/de\\\/alle-autos\\\/beispiel-menue\\\/#breadcrumb\"},\"inLanguage\":\"de\",\"potentialAction\":[{\"@type\":\"ReadAction\",\"target\":[\"https:\\\/\\\/www.toerenensmikkelen.nl\\\/de\\\/alle-autos\\\/beispiel-menue\\\/\"]}]},{\"@type\":\"ImageObject\",\"inLanguage\":\"de\",\"@id\":\"https:\\\/\\\/www.toerenensmikkelen.nl\\\/de\\\/alle-autos\\\/beispiel-menue\\\/#primaryimage\",\"url\":\"https:\\\/\\\/www.toerenensmikkelen.nl\\\/wp-content\\\/uploads\\\/2024\\\/06\\\/IMG_84831.jpg\",\"contentUrl\":\"https:\\\/\\\/www.toerenensmikkelen.nl\\\/wp-content\\\/uploads\\\/2024\\\/06\\\/IMG_84831.jpg\",\"width\":2048,\"height\":2048},{\"@type\":\"BreadcrumbList\",\"@id\":\"https:\\\/\\\/www.toerenensmikkelen.nl\\\/de\\\/alle-autos\\\/beispiel-menue\\\/#breadcrumb\",\"itemListElement\":[{\"@type\":\"ListItem\",\"position\":1,\"name\":\"Home\",\"item\":\"https:\\\/\\\/www.toerenensmikkelen.nl\\\/de\\\/\"},{\"@type\":\"ListItem\",\"position\":2,\"name\":\"Shop\",\"item\":\"https:\\\/\\\/www.toerenensmikkelen.nl\\\/de\\\/shop\\\/\"},{\"@type\":\"ListItem\",\"position\":3,\"name\":\"Beispiel-Men\u00fc\"}]},{\"@type\":\"WebSite\",\"@id\":\"https:\\\/\\\/www.toerenensmikkelen.nl\\\/de\\\/#website\",\"url\":\"https:\\\/\\\/www.toerenensmikkelen.nl\\\/de\\\/\",\"name\":\"Toeren en Smikkelen\",\"description\":\"Vrijheid in stijl\",\"potentialAction\":[{\"@type\":\"SearchAction\",\"target\":{\"@type\":\"EntryPoint\",\"urlTemplate\":\"https:\\\/\\\/www.toerenensmikkelen.nl\\\/de\\\/?s={search_term_string}\"},\"query-input\":{\"@type\":\"PropertyValueSpecification\",\"valueRequired\":true,\"valueName\":\"search_term_string\"}}],\"inLanguage\":\"de\"}]}<\/script>\n<!-- \/ Yoast SEO plugin. -->","yoast_head_json":{"title":"Beispiel-Men\u00fc - Toeren en Smikkelen","robots":{"index":"index","follow":"follow","max-snippet":"max-snippet:-1","max-image-preview":"max-image-preview:large","max-video-preview":"max-video-preview:-1"},"canonical":"https:\/\/www.toerenensmikkelen.nl\/de\/alle-autos\/beispiel-menue\/","og_locale":"de_DE","og_type":"article","og_title":"Beispiel-Men\u00fc - Toeren en Smikkelen","og_description":"W\u00e4hrend Toer&#8216; n &amp; Smikkel&#8216; n k\u00f6nnen Sie ein Drei-G\u00e4nge-Men\u00fc bestellen. W\u00e4hrend der Tour werden Sie dann an drei verschiedenen Orten erwartet. So haben Sie den ganzen Tag lang tolles Essen in super netten Restaurants auf dem Weg. Aperitif: Genie\u00dfen Sie ein k\u00f6stliches Getr\u00e4nk mit etwas Leckerem dazu als Start in diesen sch\u00f6nen Tag. Verschiedene [&hellip;]","og_url":"https:\/\/www.toerenensmikkelen.nl\/de\/alle-autos\/beispiel-menue\/","og_site_name":"Toeren en Smikkelen","article_modified_time":"2025-04-10T08:52:14+00:00","og_image":[{"width":2048,"height":2048,"url":"https:\/\/www.toerenensmikkelen.nl\/wp-content\/uploads\/2024\/06\/IMG_84831.jpg","type":"image\/jpeg"}],"twitter_card":"summary_large_image","twitter_misc":{"Gesch\u00e4tzte Lesezeit":"1\u00a0Minute"},"schema":{"@context":"https:\/\/schema.org","@graph":[{"@type":"WebPage","@id":"https:\/\/www.toerenensmikkelen.nl\/de\/alle-autos\/beispiel-menue\/","url":"https:\/\/www.toerenensmikkelen.nl\/de\/alle-autos\/beispiel-menue\/","name":"Beispiel-Men\u00fc - Toeren en Smikkelen","isPartOf":{"@id":"https:\/\/www.toerenensmikkelen.nl\/de\/#website"},"primaryImageOfPage":{"@id":"https:\/\/www.toerenensmikkelen.nl\/de\/alle-autos\/beispiel-menue\/#primaryimage"},"image":{"@id":"https:\/\/www.toerenensmikkelen.nl\/de\/alle-autos\/beispiel-menue\/#primaryimage"},"thumbnailUrl":"https:\/\/www.toerenensmikkelen.nl\/wp-content\/uploads\/2024\/06\/IMG_84831.jpg","datePublished":"2024-06-03T09:18:12+00:00","dateModified":"2025-04-10T08:52:14+00:00","breadcrumb":{"@id":"https:\/\/www.toerenensmikkelen.nl\/de\/alle-autos\/beispiel-menue\/#breadcrumb"},"inLanguage":"de","potentialAction":[{"@type":"ReadAction","target":["https:\/\/www.toerenensmikkelen.nl\/de\/alle-autos\/beispiel-menue\/"]}]},{"@type":"ImageObject","inLanguage":"de","@id":"https:\/\/www.toerenensmikkelen.nl\/de\/alle-autos\/beispiel-menue\/#primaryimage","url":"https:\/\/www.toerenensmikkelen.nl\/wp-content\/uploads\/2024\/06\/IMG_84831.jpg","contentUrl":"https:\/\/www.toerenensmikkelen.nl\/wp-content\/uploads\/2024\/06\/IMG_84831.jpg","width":2048,"height":2048},{"@type":"BreadcrumbList","@id":"https:\/\/www.toerenensmikkelen.nl\/de\/alle-autos\/beispiel-menue\/#breadcrumb","itemListElement":[{"@type":"ListItem","position":1,"name":"Home","item":"https:\/\/www.toerenensmikkelen.nl\/de\/"},{"@type":"ListItem","position":2,"name":"Shop","item":"https:\/\/www.toerenensmikkelen.nl\/de\/shop\/"},{"@type":"ListItem","position":3,"name":"Beispiel-Men\u00fc"}]},{"@type":"WebSite","@id":"https:\/\/www.toerenensmikkelen.nl\/de\/#website","url":"https:\/\/www.toerenensmikkelen.nl\/de\/","name":"Toeren en Smikkelen","description":"Vrijheid in stijl","potentialAction":[{"@type":"SearchAction","target":{"@type":"EntryPoint","urlTemplate":"https:\/\/www.toerenensmikkelen.nl\/de\/?s={search_term_string}"},"query-input":{"@type":"PropertyValueSpecification","valueRequired":true,"valueName":"search_term_string"}}],"inLanguage":"de"}]}},"_links":{"self":[{"href":"https:\/\/www.toerenensmikkelen.nl\/de\/wp-json\/wp\/v2\/product\/21714","targetHints":{"allow":["GET"]}}],"collection":[{"href":"https:\/\/www.toerenensmikkelen.nl\/de\/wp-json\/wp\/v2\/product"}],"about":[{"href":"https:\/\/www.toerenensmikkelen.nl\/de\/wp-json\/wp\/v2\/types\/product"}],"wp:featuredmedia":[{"embeddable":true,"href":"https:\/\/www.toerenensmikkelen.nl\/de\/wp-json\/wp\/v2\/media\/21470"}],"wp:attachment":[{"href":"https:\/\/www.toerenensmikkelen.nl\/de\/wp-json\/wp\/v2\/media?parent=21714"}],"wp:term":[{"taxonomy":"product_brand","embeddable":true,"href":"https:\/\/www.toerenensmikkelen.nl\/de\/wp-json\/wp\/v2\/product_brand?post=21714"},{"taxonomy":"product_cat","embeddable":true,"href":"https:\/\/www.toerenensmikkelen.nl\/de\/wp-json\/wp\/v2\/product_cat?post=21714"},{"taxonomy":"product_tag","embeddable":true,"href":"https:\/\/www.toerenensmikkelen.nl\/de\/wp-json\/wp\/v2\/product_tag?post=21714"}],"curies":[{"name":"wp","href":"https:\/\/api.w.org\/{rel}","templated":true}]}}