{"id":22687,"date":"2021-04-06T11:04:00","date_gmt":"2021-04-06T09:04:00","guid":{"rendered":"https:\/\/www.toerenensmikkelen.nl\/alle-autos\/porsche-356-speedster\/"},"modified":"2024-10-21T09:17:34","modified_gmt":"2024-10-21T09:17:34","slug":"porsche-356-speedster","status":"publish","type":"product","link":"https:\/\/www.toerenensmikkelen.nl\/de\/alle-autos\/porsche-356-speedster\/","title":{"rendered":"Porsche 356 Speedster"},"content":{"rendered":"<p>Der legend\u00e4re Vorl\u00e4ufer des 911 , der Porsche 356.<br \/>\nEin Originalfahrzeug in restauriertem Zustand hat einen Wert von \u00fcber einer halben Million. Unser Auto ist also, wie alle anderen 356 Speedster, die in den Niederlanden zur Vermietung angeboten werden, eine sorgf\u00e4ltig gebaute Replik, die vom Original nicht zu unterscheiden ist.<br \/>\nEin Zweisitzer, der so sch\u00f6n und romantisch zu zweit tourt. <strong>BITTE BEACHTEN SIE: Der Flitzer wird nur f\u00fcr unser Konzept Toern&amp;Smikkeln inklusive Pflichtstrecke vermietet.<br \/>\nM\u00f6chten Sie das Auto als Hochzeitsauto reservieren?<br \/>\nbesuchen Sie bitte www.klassiektoerentwente.nl <\/strong><\/p>\n","protected":false},"excerpt":{"rendered":"<p>Der legend\u00e4re Vorl\u00e4ufer des 911 , der Porsche 356.<br \/>\nEin Originalfahrzeug in restauriertem Zustand hat einen Wert von \u00fcber einer halben Million. Unser Auto ist also, wie alle anderen 356 Speedster, die in den Niederlanden zur Vermietung angeboten werden, eine sorgf\u00e4ltig gebaute Replik, die vom Original nicht zu unterscheiden ist.<br \/>\nEin Zweisitzer, der so sch\u00f6n und romantisch zu zweit tourt. <strong>BITTE BEACHTEN SIE: Der Flitzer wird nur f\u00fcr unser Konzept Toern&amp;Smikkeln inklusive Pflichtstrecke vermietet.<br \/>\nM\u00f6chten Sie das Auto als Hochzeitsauto reservieren?<br \/>\nbesuchen Sie bitte www.klassiektoerentwente.nl <\/strong><\/p>\n<p><strong> unter<\/strong> <strong>Montags und dienstags k\u00f6nnen Sie einen VW-Bus oder Oldtimer mieten, aber aufgrund der \u00d6ffnungszeiten der teilnehmenden Restaurants kein Men\u00fc bestellen.<br \/>\nAn Feiertagen k\u00f6nnen Sie kein Men\u00fc bestellen, aber Sie k\u00f6nnen einen Oldtimer mieten und trotzdem auf eigene Faust in den Restaurants auf der Route bestellen. <\/strong><\/p>\n","protected":false},"featured_media":32655,"template":"","meta":{"_acf_changed":false,"inline_featured_image":false},"product_brand":[],"product_cat":[118],"product_tag":[],"class_list":{"0":"post-22687","1":"product","2":"type-product","3":"status-publish","4":"has-post-thumbnail","6":"product_cat-toern-und-smikkeln","8":"first","9":"instock","10":"sold-individually","11":"taxable","12":"shipping-taxable","13":"purchasable","14":"product-type-booking"},"acf":[],"yoast_head":"<!-- This site is optimized with the Yoast SEO plugin v27.2 - https:\/\/yoast.com\/product\/yoast-seo-wordpress\/ -->\n<title>Porsche 356 Speedster - Toeren en Smikkelen<\/title>\n<meta name=\"robots\" content=\"index, follow, max-snippet:-1, max-image-preview:large, max-video-preview:-1\" \/>\n<link rel=\"canonical\" href=\"https:\/\/www.toerenensmikkelen.nl\/de\/alle-autos\/porsche-356-speedster\/\" \/>\n<meta property=\"og:locale\" content=\"de_DE\" \/>\n<meta property=\"og:type\" content=\"article\" \/>\n<meta property=\"og:title\" content=\"Porsche 356 Speedster - Toeren en Smikkelen\" \/>\n<meta property=\"og:description\" content=\"Der legend\u00e4re Vorl\u00e4ufer des 911 , der Porsche 356. Ein Originalfahrzeug in restauriertem Zustand hat einen Wert von \u00fcber einer halben Million. Unser Auto ist also, wie alle anderen 356 Speedster, die in den Niederlanden zur Vermietung angeboten werden, eine sorgf\u00e4ltig gebaute Replik, die vom Original nicht zu unterscheiden ist. Ein Zweisitzer, der so sch\u00f6n und romantisch zu zweit tourt. BITTE BEACHTEN SIE: Der Flitzer wird nur f\u00fcr unser Konzept Toern&amp;Smikkeln inklusive Pflichtstrecke vermietet. M\u00f6chten Sie das Auto als Hochzeitsauto reservieren? besuchen Sie bitte www.klassiektoerentwente.nl   unter Montags und dienstags k\u00f6nnen Sie einen VW-Bus oder Oldtimer mieten, aber aufgrund der \u00d6ffnungszeiten der teilnehmenden Restaurants kein Men\u00fc bestellen. An Feiertagen k\u00f6nnen Sie kein Men\u00fc bestellen, aber Sie k\u00f6nnen einen Oldtimer mieten und trotzdem auf eigene Faust in den Restaurants auf der Route bestellen.\" \/>\n<meta property=\"og:url\" content=\"https:\/\/www.toerenensmikkelen.nl\/de\/alle-autos\/porsche-356-speedster\/\" \/>\n<meta property=\"og:site_name\" content=\"Toeren en Smikkelen\" \/>\n<meta property=\"article:modified_time\" content=\"2024-10-21T09:17:34+00:00\" \/>\n<meta property=\"og:image\" content=\"https:\/\/www.toerenensmikkelen.nl\/wp-content\/uploads\/2021\/04\/Speedster-356-Djessica-2-goede-kwaliteit-kleiner-formaat-scaled.jpg\" \/>\n\t<meta property=\"og:image:width\" content=\"2560\" \/>\n\t<meta property=\"og:image:height\" content=\"1706\" \/>\n\t<meta property=\"og:image:type\" content=\"image\/jpeg\" \/>\n<meta name=\"twitter:card\" content=\"summary_large_image\" \/>\n<meta name=\"twitter:label1\" content=\"Gesch\u00e4tzte Lesezeit\" \/>\n\t<meta name=\"twitter:data1\" content=\"1\u00a0Minute\" \/>\n<script type=\"application\/ld+json\" class=\"yoast-schema-graph\">{\"@context\":\"https:\/\/schema.org\",\"@graph\":[{\"@type\":\"WebPage\",\"@id\":\"https:\/\/www.toerenensmikkelen.nl\/de\/alle-autos\/porsche-356-speedster\/\",\"url\":\"https:\/\/www.toerenensmikkelen.nl\/de\/alle-autos\/porsche-356-speedster\/\",\"name\":\"Porsche 356 Speedster - Toeren en Smikkelen\",\"isPartOf\":{\"@id\":\"https:\/\/www.toerenensmikkelen.nl\/de\/#website\"},\"primaryImageOfPage\":{\"@id\":\"https:\/\/www.toerenensmikkelen.nl\/de\/alle-autos\/porsche-356-speedster\/#primaryimage\"},\"image\":{\"@id\":\"https:\/\/www.toerenensmikkelen.nl\/de\/alle-autos\/porsche-356-speedster\/#primaryimage\"},\"thumbnailUrl\":\"https:\/\/www.toerenensmikkelen.nl\/wp-content\/uploads\/2021\/04\/IMG_9003.jpg\",\"datePublished\":\"2021-04-06T09:04:00+00:00\",\"dateModified\":\"2024-10-21T09:17:34+00:00\",\"breadcrumb\":{\"@id\":\"https:\/\/www.toerenensmikkelen.nl\/de\/alle-autos\/porsche-356-speedster\/#breadcrumb\"},\"inLanguage\":\"de\",\"potentialAction\":[{\"@type\":\"ReadAction\",\"target\":[\"https:\/\/www.toerenensmikkelen.nl\/de\/alle-autos\/porsche-356-speedster\/\"]}]},{\"@type\":\"ImageObject\",\"inLanguage\":\"de\",\"@id\":\"https:\/\/www.toerenensmikkelen.nl\/de\/alle-autos\/porsche-356-speedster\/#primaryimage\",\"url\":\"https:\/\/www.toerenensmikkelen.nl\/wp-content\/uploads\/2021\/04\/IMG_9003.jpg\",\"contentUrl\":\"https:\/\/www.toerenensmikkelen.nl\/wp-content\/uploads\/2021\/04\/IMG_9003.jpg\",\"width\":1024,\"height\":683},{\"@type\":\"BreadcrumbList\",\"@id\":\"https:\/\/www.toerenensmikkelen.nl\/de\/alle-autos\/porsche-356-speedster\/#breadcrumb\",\"itemListElement\":[{\"@type\":\"ListItem\",\"position\":1,\"name\":\"Home\",\"item\":\"https:\/\/www.toerenensmikkelen.nl\/de\/\"},{\"@type\":\"ListItem\",\"position\":2,\"name\":\"Shop\",\"item\":\"https:\/\/www.toerenensmikkelen.nl\/de\/shop\/\"},{\"@type\":\"ListItem\",\"position\":3,\"name\":\"Porsche 356 Speedster\"}]},{\"@type\":\"WebSite\",\"@id\":\"https:\/\/www.toerenensmikkelen.nl\/de\/#website\",\"url\":\"https:\/\/www.toerenensmikkelen.nl\/de\/\",\"name\":\"Toeren en Smikkelen\",\"description\":\"Vrijheid in stijl\",\"potentialAction\":[{\"@type\":\"SearchAction\",\"target\":{\"@type\":\"EntryPoint\",\"urlTemplate\":\"https:\/\/www.toerenensmikkelen.nl\/de\/?s={search_term_string}\"},\"query-input\":{\"@type\":\"PropertyValueSpecification\",\"valueRequired\":true,\"valueName\":\"search_term_string\"}}],\"inLanguage\":\"de\"}]}<\/script>\n<!-- \/ Yoast SEO plugin. -->","yoast_head_json":{"title":"Porsche 356 Speedster - Toeren en Smikkelen","robots":{"index":"index","follow":"follow","max-snippet":"max-snippet:-1","max-image-preview":"max-image-preview:large","max-video-preview":"max-video-preview:-1"},"canonical":"https:\/\/www.toerenensmikkelen.nl\/de\/alle-autos\/porsche-356-speedster\/","og_locale":"de_DE","og_type":"article","og_title":"Porsche 356 Speedster - Toeren en Smikkelen","og_description":"Der legend\u00e4re Vorl\u00e4ufer des 911 , der Porsche 356. Ein Originalfahrzeug in restauriertem Zustand hat einen Wert von \u00fcber einer halben Million. Unser Auto ist also, wie alle anderen 356 Speedster, die in den Niederlanden zur Vermietung angeboten werden, eine sorgf\u00e4ltig gebaute Replik, die vom Original nicht zu unterscheiden ist. Ein Zweisitzer, der so sch\u00f6n und romantisch zu zweit tourt. BITTE BEACHTEN SIE: Der Flitzer wird nur f\u00fcr unser Konzept Toern&amp;Smikkeln inklusive Pflichtstrecke vermietet. M\u00f6chten Sie das Auto als Hochzeitsauto reservieren? besuchen Sie bitte www.klassiektoerentwente.nl   unter Montags und dienstags k\u00f6nnen Sie einen VW-Bus oder Oldtimer mieten, aber aufgrund der \u00d6ffnungszeiten der teilnehmenden Restaurants kein Men\u00fc bestellen. An Feiertagen k\u00f6nnen Sie kein Men\u00fc bestellen, aber Sie k\u00f6nnen einen Oldtimer mieten und trotzdem auf eigene Faust in den Restaurants auf der Route bestellen.","og_url":"https:\/\/www.toerenensmikkelen.nl\/de\/alle-autos\/porsche-356-speedster\/","og_site_name":"Toeren en Smikkelen","article_modified_time":"2024-10-21T09:17:34+00:00","og_image":[{"width":2560,"height":1706,"url":"https:\/\/www.toerenensmikkelen.nl\/wp-content\/uploads\/2021\/04\/Speedster-356-Djessica-2-goede-kwaliteit-kleiner-formaat-scaled.jpg","type":"image\/jpeg"}],"twitter_card":"summary_large_image","twitter_misc":{"Gesch\u00e4tzte Lesezeit":"1\u00a0Minute"},"schema":{"@context":"https:\/\/schema.org","@graph":[{"@type":"WebPage","@id":"https:\/\/www.toerenensmikkelen.nl\/de\/alle-autos\/porsche-356-speedster\/","url":"https:\/\/www.toerenensmikkelen.nl\/de\/alle-autos\/porsche-356-speedster\/","name":"Porsche 356 Speedster - Toeren en Smikkelen","isPartOf":{"@id":"https:\/\/www.toerenensmikkelen.nl\/de\/#website"},"primaryImageOfPage":{"@id":"https:\/\/www.toerenensmikkelen.nl\/de\/alle-autos\/porsche-356-speedster\/#primaryimage"},"image":{"@id":"https:\/\/www.toerenensmikkelen.nl\/de\/alle-autos\/porsche-356-speedster\/#primaryimage"},"thumbnailUrl":"https:\/\/www.toerenensmikkelen.nl\/wp-content\/uploads\/2021\/04\/IMG_9003.jpg","datePublished":"2021-04-06T09:04:00+00:00","dateModified":"2024-10-21T09:17:34+00:00","breadcrumb":{"@id":"https:\/\/www.toerenensmikkelen.nl\/de\/alle-autos\/porsche-356-speedster\/#breadcrumb"},"inLanguage":"de","potentialAction":[{"@type":"ReadAction","target":["https:\/\/www.toerenensmikkelen.nl\/de\/alle-autos\/porsche-356-speedster\/"]}]},{"@type":"ImageObject","inLanguage":"de","@id":"https:\/\/www.toerenensmikkelen.nl\/de\/alle-autos\/porsche-356-speedster\/#primaryimage","url":"https:\/\/www.toerenensmikkelen.nl\/wp-content\/uploads\/2021\/04\/IMG_9003.jpg","contentUrl":"https:\/\/www.toerenensmikkelen.nl\/wp-content\/uploads\/2021\/04\/IMG_9003.jpg","width":1024,"height":683},{"@type":"BreadcrumbList","@id":"https:\/\/www.toerenensmikkelen.nl\/de\/alle-autos\/porsche-356-speedster\/#breadcrumb","itemListElement":[{"@type":"ListItem","position":1,"name":"Home","item":"https:\/\/www.toerenensmikkelen.nl\/de\/"},{"@type":"ListItem","position":2,"name":"Shop","item":"https:\/\/www.toerenensmikkelen.nl\/de\/shop\/"},{"@type":"ListItem","position":3,"name":"Porsche 356 Speedster"}]},{"@type":"WebSite","@id":"https:\/\/www.toerenensmikkelen.nl\/de\/#website","url":"https:\/\/www.toerenensmikkelen.nl\/de\/","name":"Toeren en Smikkelen","description":"Vrijheid in stijl","potentialAction":[{"@type":"SearchAction","target":{"@type":"EntryPoint","urlTemplate":"https:\/\/www.toerenensmikkelen.nl\/de\/?s={search_term_string}"},"query-input":{"@type":"PropertyValueSpecification","valueRequired":true,"valueName":"search_term_string"}}],"inLanguage":"de"}]}},"_links":{"self":[{"href":"https:\/\/www.toerenensmikkelen.nl\/de\/wp-json\/wp\/v2\/product\/22687","targetHints":{"allow":["GET"]}}],"collection":[{"href":"https:\/\/www.toerenensmikkelen.nl\/de\/wp-json\/wp\/v2\/product"}],"about":[{"href":"https:\/\/www.toerenensmikkelen.nl\/de\/wp-json\/wp\/v2\/types\/product"}],"wp:featuredmedia":[{"embeddable":true,"href":"https:\/\/www.toerenensmikkelen.nl\/de\/wp-json\/wp\/v2\/media\/32655"}],"wp:attachment":[{"href":"https:\/\/www.toerenensmikkelen.nl\/de\/wp-json\/wp\/v2\/media?parent=22687"}],"wp:term":[{"taxonomy":"product_brand","embeddable":true,"href":"https:\/\/www.toerenensmikkelen.nl\/de\/wp-json\/wp\/v2\/product_brand?post=22687"},{"taxonomy":"product_cat","embeddable":true,"href":"https:\/\/www.toerenensmikkelen.nl\/de\/wp-json\/wp\/v2\/product_cat?post=22687"},{"taxonomy":"product_tag","embeddable":true,"href":"https:\/\/www.toerenensmikkelen.nl\/de\/wp-json\/wp\/v2\/product_tag?post=22687"}],"curies":[{"name":"wp","href":"https:\/\/api.w.org\/{rel}","templated":true}]}}