{"id":22725,"date":"2021-04-06T10:51:43","date_gmt":"2021-04-06T08:51:43","guid":{"rendered":"https:\/\/www.toerenensmikkelen.nl\/alle-autos\/volkswagen-kaefer-cabrio\/"},"modified":"2024-10-21T09:19:22","modified_gmt":"2024-10-21T09:19:22","slug":"volkswagen-kaefer-cabrio","status":"publish","type":"product","link":"https:\/\/www.toerenensmikkelen.nl\/de\/alle-autos\/volkswagen-kaefer-cabrio\/","title":{"rendered":"Volkswagen K\u00e4fer Cabrio"},"content":{"rendered":"<p>Wer kennt ihn nicht?<br \/>\nImmer noch ein von vielen geliebter Oldtimer.<br \/>\nUnser Exemplar ist ein Modell aus den 1960er Jahren mit atemberaubendem Interieur, flacher Windschutzscheibe, Cabrioverdeck und einer sch\u00f6nen Optik.<br \/>\nIn dem K\u00e4fer Cabrio sind vier Personen m\u00f6glich.<\/p>\n","protected":false},"excerpt":{"rendered":"<p>Wer kennt ihn nicht?<br \/>\nImmer noch ein von vielen geliebter Oldtimer.<br \/>\nUnser Exemplar ist ein so genannter &#8218;triple white&#8216; oder ein K\u00e4fer Cabrio aus den 1970er Jahren mit wei\u00dfem Interieur und wei\u00dfem Verdeck.<br \/>\nVier Personen sind m\u00f6glich, aber mit zwei Kindern auf dem R\u00fccksitz ist es am bequemsten. <strong>BITTE BEACHTEN SIE: Montags und dienstags k\u00f6nnen Sie einen VW-Bus oder Oldtimer mieten, aber aufgrund der \u00d6ffnungszeiten der teilnehmenden Restaurants kein Men\u00fc bestellen.<br \/>\nAn Feiertagen k\u00f6nnen Sie kein Men\u00fc bestellen, aber Sie k\u00f6nnen einen Oldtimer mieten und trotzdem auf eigene Faust in den Restaurants auf der Route bestellen. <\/strong><\/p>\n","protected":false},"featured_media":32683,"template":"","meta":{"_acf_changed":false,"inline_featured_image":false},"product_brand":[],"product_cat":[118],"product_tag":[],"class_list":{"0":"post-22725","1":"product","2":"type-product","3":"status-publish","4":"has-post-thumbnail","6":"product_cat-toern-und-smikkeln","8":"first","9":"instock","10":"sold-individually","11":"taxable","12":"shipping-taxable","13":"purchasable","14":"product-type-booking"},"booking_location":"","booking_location_type":"","booking_duration":7,"booking_duration_unit":"hour","booking_buffer":0,"booking_cost":0,"booking_resources":[],"acf":[],"yoast_head":"<!-- This site is optimized with the Yoast SEO plugin v27.4 - https:\/\/yoast.com\/product\/yoast-seo-wordpress\/ -->\n<title>Volkswagen K\u00e4fer Cabrio - Toeren en Smikkelen<\/title>\n<meta name=\"robots\" content=\"index, follow, max-snippet:-1, max-image-preview:large, max-video-preview:-1\" \/>\n<link rel=\"canonical\" href=\"https:\/\/www.toerenensmikkelen.nl\/de\/alle-autos\/volkswagen-kaefer-cabrio\/\" \/>\n<meta property=\"og:locale\" content=\"de_DE\" \/>\n<meta property=\"og:type\" content=\"article\" \/>\n<meta property=\"og:title\" content=\"Volkswagen K\u00e4fer Cabrio - Toeren en Smikkelen\" \/>\n<meta property=\"og:description\" content=\"Wer kennt ihn nicht? Immer noch ein von vielen geliebter Oldtimer. Unser Exemplar ist ein so genannter &#039;triple white&#039; oder ein K\u00e4fer Cabrio aus den 1970er Jahren mit wei\u00dfem Interieur und wei\u00dfem Verdeck. Vier Personen sind m\u00f6glich, aber mit zwei Kindern auf dem R\u00fccksitz ist es am bequemsten. BITTE BEACHTEN SIE: Montags und dienstags k\u00f6nnen Sie einen VW-Bus oder Oldtimer mieten, aber aufgrund der \u00d6ffnungszeiten der teilnehmenden Restaurants kein Men\u00fc bestellen. An Feiertagen k\u00f6nnen Sie kein Men\u00fc bestellen, aber Sie k\u00f6nnen einen Oldtimer mieten und trotzdem auf eigene Faust in den Restaurants auf der Route bestellen.\" \/>\n<meta property=\"og:url\" content=\"https:\/\/www.toerenensmikkelen.nl\/de\/alle-autos\/volkswagen-kaefer-cabrio\/\" \/>\n<meta property=\"og:site_name\" content=\"Toeren en Smikkelen\" \/>\n<meta property=\"article:modified_time\" content=\"2024-10-21T09:19:22+00:00\" \/>\n<meta property=\"og:image\" content=\"https:\/\/www.toerenensmikkelen.nl\/wp-content\/uploads\/2024\/03\/kever-1-1.png\" \/>\n\t<meta property=\"og:image:width\" content=\"750\" \/>\n\t<meta property=\"og:image:height\" content=\"750\" \/>\n\t<meta property=\"og:image:type\" content=\"image\/png\" \/>\n<meta name=\"twitter:card\" content=\"summary_large_image\" \/>\n<meta name=\"twitter:label1\" content=\"Gesch\u00e4tzte Lesezeit\" \/>\n\t<meta name=\"twitter:data1\" content=\"1\u00a0Minute\" \/>\n<script type=\"application\/ld+json\" class=\"yoast-schema-graph\">{\"@context\":\"https:\\\/\\\/schema.org\",\"@graph\":[{\"@type\":\"WebPage\",\"@id\":\"https:\\\/\\\/www.toerenensmikkelen.nl\\\/de\\\/alle-autos\\\/volkswagen-kaefer-cabrio\\\/\",\"url\":\"https:\\\/\\\/www.toerenensmikkelen.nl\\\/de\\\/alle-autos\\\/volkswagen-kaefer-cabrio\\\/\",\"name\":\"Volkswagen K\u00e4fer Cabrio - Toeren en Smikkelen\",\"isPartOf\":{\"@id\":\"https:\\\/\\\/www.toerenensmikkelen.nl\\\/de\\\/#website\"},\"primaryImageOfPage\":{\"@id\":\"https:\\\/\\\/www.toerenensmikkelen.nl\\\/de\\\/alle-autos\\\/volkswagen-kaefer-cabrio\\\/#primaryimage\"},\"image\":{\"@id\":\"https:\\\/\\\/www.toerenensmikkelen.nl\\\/de\\\/alle-autos\\\/volkswagen-kaefer-cabrio\\\/#primaryimage\"},\"thumbnailUrl\":\"https:\\\/\\\/www.toerenensmikkelen.nl\\\/wp-content\\\/uploads\\\/2021\\\/04\\\/IMG_9504.jpg\",\"datePublished\":\"2021-04-06T08:51:43+00:00\",\"dateModified\":\"2024-10-21T09:19:22+00:00\",\"breadcrumb\":{\"@id\":\"https:\\\/\\\/www.toerenensmikkelen.nl\\\/de\\\/alle-autos\\\/volkswagen-kaefer-cabrio\\\/#breadcrumb\"},\"inLanguage\":\"de\",\"potentialAction\":[{\"@type\":\"ReadAction\",\"target\":[\"https:\\\/\\\/www.toerenensmikkelen.nl\\\/de\\\/alle-autos\\\/volkswagen-kaefer-cabrio\\\/\"]}]},{\"@type\":\"ImageObject\",\"inLanguage\":\"de\",\"@id\":\"https:\\\/\\\/www.toerenensmikkelen.nl\\\/de\\\/alle-autos\\\/volkswagen-kaefer-cabrio\\\/#primaryimage\",\"url\":\"https:\\\/\\\/www.toerenensmikkelen.nl\\\/wp-content\\\/uploads\\\/2021\\\/04\\\/IMG_9504.jpg\",\"contentUrl\":\"https:\\\/\\\/www.toerenensmikkelen.nl\\\/wp-content\\\/uploads\\\/2021\\\/04\\\/IMG_9504.jpg\",\"width\":1024,\"height\":683},{\"@type\":\"BreadcrumbList\",\"@id\":\"https:\\\/\\\/www.toerenensmikkelen.nl\\\/de\\\/alle-autos\\\/volkswagen-kaefer-cabrio\\\/#breadcrumb\",\"itemListElement\":[{\"@type\":\"ListItem\",\"position\":1,\"name\":\"Home\",\"item\":\"https:\\\/\\\/www.toerenensmikkelen.nl\\\/de\\\/\"},{\"@type\":\"ListItem\",\"position\":2,\"name\":\"Shop\",\"item\":\"https:\\\/\\\/www.toerenensmikkelen.nl\\\/de\\\/shop\\\/\"},{\"@type\":\"ListItem\",\"position\":3,\"name\":\"Volkswagen K\u00e4fer Cabrio\"}]},{\"@type\":\"WebSite\",\"@id\":\"https:\\\/\\\/www.toerenensmikkelen.nl\\\/de\\\/#website\",\"url\":\"https:\\\/\\\/www.toerenensmikkelen.nl\\\/de\\\/\",\"name\":\"Toeren en Smikkelen\",\"description\":\"Vrijheid in stijl\",\"potentialAction\":[{\"@type\":\"SearchAction\",\"target\":{\"@type\":\"EntryPoint\",\"urlTemplate\":\"https:\\\/\\\/www.toerenensmikkelen.nl\\\/de\\\/?s={search_term_string}\"},\"query-input\":{\"@type\":\"PropertyValueSpecification\",\"valueRequired\":true,\"valueName\":\"search_term_string\"}}],\"inLanguage\":\"de\"}]}<\/script>\n<!-- \/ Yoast SEO plugin. -->","yoast_head_json":{"title":"Volkswagen K\u00e4fer Cabrio - Toeren en Smikkelen","robots":{"index":"index","follow":"follow","max-snippet":"max-snippet:-1","max-image-preview":"max-image-preview:large","max-video-preview":"max-video-preview:-1"},"canonical":"https:\/\/www.toerenensmikkelen.nl\/de\/alle-autos\/volkswagen-kaefer-cabrio\/","og_locale":"de_DE","og_type":"article","og_title":"Volkswagen K\u00e4fer Cabrio - Toeren en Smikkelen","og_description":"Wer kennt ihn nicht? Immer noch ein von vielen geliebter Oldtimer. Unser Exemplar ist ein so genannter 'triple white' oder ein K\u00e4fer Cabrio aus den 1970er Jahren mit wei\u00dfem Interieur und wei\u00dfem Verdeck. Vier Personen sind m\u00f6glich, aber mit zwei Kindern auf dem R\u00fccksitz ist es am bequemsten. BITTE BEACHTEN SIE: Montags und dienstags k\u00f6nnen Sie einen VW-Bus oder Oldtimer mieten, aber aufgrund der \u00d6ffnungszeiten der teilnehmenden Restaurants kein Men\u00fc bestellen. An Feiertagen k\u00f6nnen Sie kein Men\u00fc bestellen, aber Sie k\u00f6nnen einen Oldtimer mieten und trotzdem auf eigene Faust in den Restaurants auf der Route bestellen.","og_url":"https:\/\/www.toerenensmikkelen.nl\/de\/alle-autos\/volkswagen-kaefer-cabrio\/","og_site_name":"Toeren en Smikkelen","article_modified_time":"2024-10-21T09:19:22+00:00","og_image":[{"width":750,"height":750,"url":"https:\/\/www.toerenensmikkelen.nl\/wp-content\/uploads\/2024\/03\/kever-1-1.png","type":"image\/png"}],"twitter_card":"summary_large_image","twitter_misc":{"Gesch\u00e4tzte Lesezeit":"1\u00a0Minute"},"schema":{"@context":"https:\/\/schema.org","@graph":[{"@type":"WebPage","@id":"https:\/\/www.toerenensmikkelen.nl\/de\/alle-autos\/volkswagen-kaefer-cabrio\/","url":"https:\/\/www.toerenensmikkelen.nl\/de\/alle-autos\/volkswagen-kaefer-cabrio\/","name":"Volkswagen K\u00e4fer Cabrio - Toeren en Smikkelen","isPartOf":{"@id":"https:\/\/www.toerenensmikkelen.nl\/de\/#website"},"primaryImageOfPage":{"@id":"https:\/\/www.toerenensmikkelen.nl\/de\/alle-autos\/volkswagen-kaefer-cabrio\/#primaryimage"},"image":{"@id":"https:\/\/www.toerenensmikkelen.nl\/de\/alle-autos\/volkswagen-kaefer-cabrio\/#primaryimage"},"thumbnailUrl":"https:\/\/www.toerenensmikkelen.nl\/wp-content\/uploads\/2021\/04\/IMG_9504.jpg","datePublished":"2021-04-06T08:51:43+00:00","dateModified":"2024-10-21T09:19:22+00:00","breadcrumb":{"@id":"https:\/\/www.toerenensmikkelen.nl\/de\/alle-autos\/volkswagen-kaefer-cabrio\/#breadcrumb"},"inLanguage":"de","potentialAction":[{"@type":"ReadAction","target":["https:\/\/www.toerenensmikkelen.nl\/de\/alle-autos\/volkswagen-kaefer-cabrio\/"]}]},{"@type":"ImageObject","inLanguage":"de","@id":"https:\/\/www.toerenensmikkelen.nl\/de\/alle-autos\/volkswagen-kaefer-cabrio\/#primaryimage","url":"https:\/\/www.toerenensmikkelen.nl\/wp-content\/uploads\/2021\/04\/IMG_9504.jpg","contentUrl":"https:\/\/www.toerenensmikkelen.nl\/wp-content\/uploads\/2021\/04\/IMG_9504.jpg","width":1024,"height":683},{"@type":"BreadcrumbList","@id":"https:\/\/www.toerenensmikkelen.nl\/de\/alle-autos\/volkswagen-kaefer-cabrio\/#breadcrumb","itemListElement":[{"@type":"ListItem","position":1,"name":"Home","item":"https:\/\/www.toerenensmikkelen.nl\/de\/"},{"@type":"ListItem","position":2,"name":"Shop","item":"https:\/\/www.toerenensmikkelen.nl\/de\/shop\/"},{"@type":"ListItem","position":3,"name":"Volkswagen K\u00e4fer Cabrio"}]},{"@type":"WebSite","@id":"https:\/\/www.toerenensmikkelen.nl\/de\/#website","url":"https:\/\/www.toerenensmikkelen.nl\/de\/","name":"Toeren en Smikkelen","description":"Vrijheid in stijl","potentialAction":[{"@type":"SearchAction","target":{"@type":"EntryPoint","urlTemplate":"https:\/\/www.toerenensmikkelen.nl\/de\/?s={search_term_string}"},"query-input":{"@type":"PropertyValueSpecification","valueRequired":true,"valueName":"search_term_string"}}],"inLanguage":"de"}]}},"_links":{"self":[{"href":"https:\/\/www.toerenensmikkelen.nl\/de\/wp-json\/wp\/v2\/product\/22725","targetHints":{"allow":["GET"]}}],"collection":[{"href":"https:\/\/www.toerenensmikkelen.nl\/de\/wp-json\/wp\/v2\/product"}],"about":[{"href":"https:\/\/www.toerenensmikkelen.nl\/de\/wp-json\/wp\/v2\/types\/product"}],"wp:featuredmedia":[{"embeddable":true,"href":"https:\/\/www.toerenensmikkelen.nl\/de\/wp-json\/wp\/v2\/media\/32683"}],"wp:attachment":[{"href":"https:\/\/www.toerenensmikkelen.nl\/de\/wp-json\/wp\/v2\/media?parent=22725"}],"wp:term":[{"taxonomy":"product_brand","embeddable":true,"href":"https:\/\/www.toerenensmikkelen.nl\/de\/wp-json\/wp\/v2\/product_brand?post=22725"},{"taxonomy":"product_cat","embeddable":true,"href":"https:\/\/www.toerenensmikkelen.nl\/de\/wp-json\/wp\/v2\/product_cat?post=22725"},{"taxonomy":"product_tag","embeddable":true,"href":"https:\/\/www.toerenensmikkelen.nl\/de\/wp-json\/wp\/v2\/product_tag?post=22725"}],"curies":[{"name":"wp","href":"https:\/\/api.w.org\/{rel}","templated":true}]}}