{"id":22839,"date":"2021-04-02T11:54:06","date_gmt":"2021-04-02T09:54:06","guid":{"rendered":"https:\/\/www.toerenensmikkelen.nl\/alle-autos\/volkswagen-t1-gruener-kreuzer-samba-version\/"},"modified":"2024-10-21T09:19:58","modified_gmt":"2024-10-21T09:19:58","slug":"volkswagen-t1-gruener-kreuzer-samba-version","status":"publish","type":"product","link":"https:\/\/www.toerenensmikkelen.nl\/de\/alle-autos\/volkswagen-t1-gruener-kreuzer-samba-version\/","title":{"rendered":"Volkswagen T1 &#8222;Gr\u00fcner Kreuzer&#8220; SAMBA Version"},"content":{"rendered":"<p>Der erste VW-Bus \u00fcberhaupt und das T steht f\u00fcr Transporter, was der urspr\u00fcngliche Zweck des Busses war.<br \/>\nHeute ist er eine Stilikone und ein Sammlerst\u00fcck mit dem gro\u00dfen VW-Logo auf der markanten Nase und dem charakteristischen Balken in der Windschutzscheibe &#8211; daher auch der Spitzname Balkenbus.<br \/>\nUnsere T1-Kleinbusse haben nur Sitzb\u00e4nke, sind also keine Wohnmobile, und dieser hier bietet Platz f\u00fcr 7 Personen.<br \/>\nEr ist mit Sicherheitsgurten ausgestattet und die B\u00e4nke stehen sich gegen\u00fcber, so dass er einen Zugsitz mit einem separaten Tisch dazwischen hat. <strong>Eine ganz besondere Version mit den charakteristischen Fenstern oben auf dem Dach; die T1 SAMBA Version! <\/strong><\/p>\n<p><strong>Buchen Sie im Voraus f\u00fcr 2025!<br \/>\nSie k\u00f6nnen jetzt ab dem 1. M\u00e4rz buchen! <\/strong> M\u00f6chten Sie sichergehen, dass Sie einen Van gebucht haben?<br \/>\nDie Erfahrung zeigt, dass die Wochenenden schnell ausgebucht sind.<br \/>\nBuchen Sie also jetzt Ihren coolen Volkswagen Bus f\u00fcr 2025.<\/p>\n","protected":false},"excerpt":{"rendered":"<p>Der erste VW-Bus \u00fcberhaupt und das T steht f\u00fcr Transporter, was der urspr\u00fcngliche Zweck des Busses war.<br \/>\nHeute ist er eine Stilikone und ein Sammlerst\u00fcck mit dem gro\u00dfen VW-Logo auf der markanten Nase und dem charakteristischen Balken in der Windschutzscheibe &#8211; daher auch der Spitzname Balkenbus.<br \/>\nUnsere T1-Kleinbusse haben nur Sitzb\u00e4nke, sind also keine Wohnmobile, und dieser hier bietet Platz f\u00fcr 7 Personen.<br \/>\nEr ist mit Sicherheitsgurten ausgestattet und die B\u00e4nke stehen sich gegen\u00fcber, so dass er einen Zugsitz mit einem separaten Tisch dazwischen hat. <strong>Eine ganz besondere Version mit den charakteristischen Fenstern oben auf dem Dach; die T1 SAMBA Version! <\/strong><\/p>\n<p><strong>Montags und dienstags k\u00f6nnen Sie einen VW-Bus oder Oldtimer mieten, aber aufgrund der \u00d6ffnungszeiten der teilnehmenden Restaurants kein Men\u00fc bestellen.<br \/>\nAn Feiertagen k\u00f6nnen Sie kein Men\u00fc bestellen, aber Sie k\u00f6nnen einen Oldtimer mieten und trotzdem auf eigene Faust in den Restaurants auf der Route bestellen. <\/strong><\/p>\n","protected":false},"featured_media":21229,"template":"","meta":{"_acf_changed":false,"inline_featured_image":false},"product_brand":[],"product_cat":[118],"product_tag":[],"class_list":{"0":"post-22839","1":"product","2":"type-product","3":"status-publish","4":"has-post-thumbnail","6":"product_cat-toern-und-smikkeln","8":"first","9":"instock","10":"sold-individually","11":"taxable","12":"shipping-taxable","13":"purchasable","14":"product-type-booking"},"acf":[],"yoast_head":"<!-- This site is optimized with the Yoast SEO plugin v27.2 - https:\/\/yoast.com\/product\/yoast-seo-wordpress\/ -->\n<title>Volkswagen T1 &quot;Gr\u00fcner Kreuzer&quot; SAMBA Version - Toeren en Smikkelen<\/title>\n<meta name=\"robots\" content=\"index, follow, max-snippet:-1, max-image-preview:large, max-video-preview:-1\" \/>\n<link rel=\"canonical\" href=\"https:\/\/www.toerenensmikkelen.nl\/de\/alle-autos\/volkswagen-t1-gruener-kreuzer-samba-version\/\" \/>\n<meta property=\"og:locale\" content=\"de_DE\" \/>\n<meta property=\"og:type\" content=\"article\" \/>\n<meta property=\"og:title\" content=\"Volkswagen T1 &quot;Gr\u00fcner Kreuzer&quot; SAMBA Version - Toeren en Smikkelen\" \/>\n<meta property=\"og:description\" content=\"Der erste VW-Bus \u00fcberhaupt und das T steht f\u00fcr Transporter, was der urspr\u00fcngliche Zweck des Busses war. Heute ist er eine Stilikone und ein Sammlerst\u00fcck mit dem gro\u00dfen VW-Logo auf der markanten Nase und dem charakteristischen Balken in der Windschutzscheibe - daher auch der Spitzname Balkenbus. Unsere T1-Kleinbusse haben nur Sitzb\u00e4nke, sind also keine Wohnmobile, und dieser hier bietet Platz f\u00fcr 7 Personen. Er ist mit Sicherheitsgurten ausgestattet und die B\u00e4nke stehen sich gegen\u00fcber, so dass er einen Zugsitz mit einem separaten Tisch dazwischen hat. Eine ganz besondere Version mit den charakteristischen Fenstern oben auf dem Dach; die T1 SAMBA Version!   Montags und dienstags k\u00f6nnen Sie einen VW-Bus oder Oldtimer mieten, aber aufgrund der \u00d6ffnungszeiten der teilnehmenden Restaurants kein Men\u00fc bestellen. An Feiertagen k\u00f6nnen Sie kein Men\u00fc bestellen, aber Sie k\u00f6nnen einen Oldtimer mieten und trotzdem auf eigene Faust in den Restaurants auf der Route bestellen.\" \/>\n<meta property=\"og:url\" content=\"https:\/\/www.toerenensmikkelen.nl\/de\/alle-autos\/volkswagen-t1-gruener-kreuzer-samba-version\/\" \/>\n<meta property=\"og:site_name\" content=\"Toeren en Smikkelen\" \/>\n<meta property=\"article:modified_time\" content=\"2024-10-21T09:19:58+00:00\" \/>\n<meta property=\"og:image\" content=\"https:\/\/www.toerenensmikkelen.nl\/wp-content\/uploads\/2024\/03\/greencruiser-1-1.png\" \/>\n\t<meta property=\"og:image:width\" content=\"750\" \/>\n\t<meta property=\"og:image:height\" content=\"750\" \/>\n\t<meta property=\"og:image:type\" content=\"image\/png\" \/>\n<meta name=\"twitter:card\" content=\"summary_large_image\" \/>\n<meta name=\"twitter:label1\" content=\"Gesch\u00e4tzte Lesezeit\" \/>\n\t<meta name=\"twitter:data1\" content=\"1\u00a0Minute\" \/>\n<script type=\"application\/ld+json\" class=\"yoast-schema-graph\">{\"@context\":\"https:\/\/schema.org\",\"@graph\":[{\"@type\":\"WebPage\",\"@id\":\"https:\/\/www.toerenensmikkelen.nl\/de\/alle-autos\/volkswagen-t1-gruener-kreuzer-samba-version\/\",\"url\":\"https:\/\/www.toerenensmikkelen.nl\/de\/alle-autos\/volkswagen-t1-gruener-kreuzer-samba-version\/\",\"name\":\"Volkswagen T1 \\\"Gr\u00fcner Kreuzer\\\" SAMBA Version - Toeren en Smikkelen\",\"isPartOf\":{\"@id\":\"https:\/\/www.toerenensmikkelen.nl\/de\/#website\"},\"primaryImageOfPage\":{\"@id\":\"https:\/\/www.toerenensmikkelen.nl\/de\/alle-autos\/volkswagen-t1-gruener-kreuzer-samba-version\/#primaryimage\"},\"image\":{\"@id\":\"https:\/\/www.toerenensmikkelen.nl\/de\/alle-autos\/volkswagen-t1-gruener-kreuzer-samba-version\/#primaryimage\"},\"thumbnailUrl\":\"https:\/\/www.toerenensmikkelen.nl\/wp-content\/uploads\/2024\/03\/greencruiser-1-1.png\",\"datePublished\":\"2021-04-02T09:54:06+00:00\",\"dateModified\":\"2024-10-21T09:19:58+00:00\",\"breadcrumb\":{\"@id\":\"https:\/\/www.toerenensmikkelen.nl\/de\/alle-autos\/volkswagen-t1-gruener-kreuzer-samba-version\/#breadcrumb\"},\"inLanguage\":\"de\",\"potentialAction\":[{\"@type\":\"ReadAction\",\"target\":[\"https:\/\/www.toerenensmikkelen.nl\/de\/alle-autos\/volkswagen-t1-gruener-kreuzer-samba-version\/\"]}]},{\"@type\":\"ImageObject\",\"inLanguage\":\"de\",\"@id\":\"https:\/\/www.toerenensmikkelen.nl\/de\/alle-autos\/volkswagen-t1-gruener-kreuzer-samba-version\/#primaryimage\",\"url\":\"https:\/\/www.toerenensmikkelen.nl\/wp-content\/uploads\/2024\/03\/greencruiser-1-1.png\",\"contentUrl\":\"https:\/\/www.toerenensmikkelen.nl\/wp-content\/uploads\/2024\/03\/greencruiser-1-1.png\",\"width\":750,\"height\":750},{\"@type\":\"BreadcrumbList\",\"@id\":\"https:\/\/www.toerenensmikkelen.nl\/de\/alle-autos\/volkswagen-t1-gruener-kreuzer-samba-version\/#breadcrumb\",\"itemListElement\":[{\"@type\":\"ListItem\",\"position\":1,\"name\":\"Home\",\"item\":\"https:\/\/www.toerenensmikkelen.nl\/de\/\"},{\"@type\":\"ListItem\",\"position\":2,\"name\":\"Shop\",\"item\":\"https:\/\/www.toerenensmikkelen.nl\/de\/shop\/\"},{\"@type\":\"ListItem\",\"position\":3,\"name\":\"Volkswagen T1 &#8220;Gr\u00fcner Kreuzer&#8221; SAMBA Version\"}]},{\"@type\":\"WebSite\",\"@id\":\"https:\/\/www.toerenensmikkelen.nl\/de\/#website\",\"url\":\"https:\/\/www.toerenensmikkelen.nl\/de\/\",\"name\":\"Toeren en Smikkelen\",\"description\":\"Vrijheid in stijl\",\"potentialAction\":[{\"@type\":\"SearchAction\",\"target\":{\"@type\":\"EntryPoint\",\"urlTemplate\":\"https:\/\/www.toerenensmikkelen.nl\/de\/?s={search_term_string}\"},\"query-input\":{\"@type\":\"PropertyValueSpecification\",\"valueRequired\":true,\"valueName\":\"search_term_string\"}}],\"inLanguage\":\"de\"}]}<\/script>\n<!-- \/ Yoast SEO plugin. -->","yoast_head_json":{"title":"Volkswagen T1 \"Gr\u00fcner Kreuzer\" SAMBA Version - Toeren en Smikkelen","robots":{"index":"index","follow":"follow","max-snippet":"max-snippet:-1","max-image-preview":"max-image-preview:large","max-video-preview":"max-video-preview:-1"},"canonical":"https:\/\/www.toerenensmikkelen.nl\/de\/alle-autos\/volkswagen-t1-gruener-kreuzer-samba-version\/","og_locale":"de_DE","og_type":"article","og_title":"Volkswagen T1 \"Gr\u00fcner Kreuzer\" SAMBA Version - Toeren en Smikkelen","og_description":"Der erste VW-Bus \u00fcberhaupt und das T steht f\u00fcr Transporter, was der urspr\u00fcngliche Zweck des Busses war. Heute ist er eine Stilikone und ein Sammlerst\u00fcck mit dem gro\u00dfen VW-Logo auf der markanten Nase und dem charakteristischen Balken in der Windschutzscheibe - daher auch der Spitzname Balkenbus. Unsere T1-Kleinbusse haben nur Sitzb\u00e4nke, sind also keine Wohnmobile, und dieser hier bietet Platz f\u00fcr 7 Personen. Er ist mit Sicherheitsgurten ausgestattet und die B\u00e4nke stehen sich gegen\u00fcber, so dass er einen Zugsitz mit einem separaten Tisch dazwischen hat. Eine ganz besondere Version mit den charakteristischen Fenstern oben auf dem Dach; die T1 SAMBA Version!   Montags und dienstags k\u00f6nnen Sie einen VW-Bus oder Oldtimer mieten, aber aufgrund der \u00d6ffnungszeiten der teilnehmenden Restaurants kein Men\u00fc bestellen. An Feiertagen k\u00f6nnen Sie kein Men\u00fc bestellen, aber Sie k\u00f6nnen einen Oldtimer mieten und trotzdem auf eigene Faust in den Restaurants auf der Route bestellen.","og_url":"https:\/\/www.toerenensmikkelen.nl\/de\/alle-autos\/volkswagen-t1-gruener-kreuzer-samba-version\/","og_site_name":"Toeren en Smikkelen","article_modified_time":"2024-10-21T09:19:58+00:00","og_image":[{"width":750,"height":750,"url":"https:\/\/www.toerenensmikkelen.nl\/wp-content\/uploads\/2024\/03\/greencruiser-1-1.png","type":"image\/png"}],"twitter_card":"summary_large_image","twitter_misc":{"Gesch\u00e4tzte Lesezeit":"1\u00a0Minute"},"schema":{"@context":"https:\/\/schema.org","@graph":[{"@type":"WebPage","@id":"https:\/\/www.toerenensmikkelen.nl\/de\/alle-autos\/volkswagen-t1-gruener-kreuzer-samba-version\/","url":"https:\/\/www.toerenensmikkelen.nl\/de\/alle-autos\/volkswagen-t1-gruener-kreuzer-samba-version\/","name":"Volkswagen T1 \"Gr\u00fcner Kreuzer\" SAMBA Version - Toeren en Smikkelen","isPartOf":{"@id":"https:\/\/www.toerenensmikkelen.nl\/de\/#website"},"primaryImageOfPage":{"@id":"https:\/\/www.toerenensmikkelen.nl\/de\/alle-autos\/volkswagen-t1-gruener-kreuzer-samba-version\/#primaryimage"},"image":{"@id":"https:\/\/www.toerenensmikkelen.nl\/de\/alle-autos\/volkswagen-t1-gruener-kreuzer-samba-version\/#primaryimage"},"thumbnailUrl":"https:\/\/www.toerenensmikkelen.nl\/wp-content\/uploads\/2024\/03\/greencruiser-1-1.png","datePublished":"2021-04-02T09:54:06+00:00","dateModified":"2024-10-21T09:19:58+00:00","breadcrumb":{"@id":"https:\/\/www.toerenensmikkelen.nl\/de\/alle-autos\/volkswagen-t1-gruener-kreuzer-samba-version\/#breadcrumb"},"inLanguage":"de","potentialAction":[{"@type":"ReadAction","target":["https:\/\/www.toerenensmikkelen.nl\/de\/alle-autos\/volkswagen-t1-gruener-kreuzer-samba-version\/"]}]},{"@type":"ImageObject","inLanguage":"de","@id":"https:\/\/www.toerenensmikkelen.nl\/de\/alle-autos\/volkswagen-t1-gruener-kreuzer-samba-version\/#primaryimage","url":"https:\/\/www.toerenensmikkelen.nl\/wp-content\/uploads\/2024\/03\/greencruiser-1-1.png","contentUrl":"https:\/\/www.toerenensmikkelen.nl\/wp-content\/uploads\/2024\/03\/greencruiser-1-1.png","width":750,"height":750},{"@type":"BreadcrumbList","@id":"https:\/\/www.toerenensmikkelen.nl\/de\/alle-autos\/volkswagen-t1-gruener-kreuzer-samba-version\/#breadcrumb","itemListElement":[{"@type":"ListItem","position":1,"name":"Home","item":"https:\/\/www.toerenensmikkelen.nl\/de\/"},{"@type":"ListItem","position":2,"name":"Shop","item":"https:\/\/www.toerenensmikkelen.nl\/de\/shop\/"},{"@type":"ListItem","position":3,"name":"Volkswagen T1 &#8220;Gr\u00fcner Kreuzer&#8221; SAMBA Version"}]},{"@type":"WebSite","@id":"https:\/\/www.toerenensmikkelen.nl\/de\/#website","url":"https:\/\/www.toerenensmikkelen.nl\/de\/","name":"Toeren en Smikkelen","description":"Vrijheid in stijl","potentialAction":[{"@type":"SearchAction","target":{"@type":"EntryPoint","urlTemplate":"https:\/\/www.toerenensmikkelen.nl\/de\/?s={search_term_string}"},"query-input":{"@type":"PropertyValueSpecification","valueRequired":true,"valueName":"search_term_string"}}],"inLanguage":"de"}]}},"_links":{"self":[{"href":"https:\/\/www.toerenensmikkelen.nl\/de\/wp-json\/wp\/v2\/product\/22839","targetHints":{"allow":["GET"]}}],"collection":[{"href":"https:\/\/www.toerenensmikkelen.nl\/de\/wp-json\/wp\/v2\/product"}],"about":[{"href":"https:\/\/www.toerenensmikkelen.nl\/de\/wp-json\/wp\/v2\/types\/product"}],"wp:featuredmedia":[{"embeddable":true,"href":"https:\/\/www.toerenensmikkelen.nl\/de\/wp-json\/wp\/v2\/media\/21229"}],"wp:attachment":[{"href":"https:\/\/www.toerenensmikkelen.nl\/de\/wp-json\/wp\/v2\/media?parent=22839"}],"wp:term":[{"taxonomy":"product_brand","embeddable":true,"href":"https:\/\/www.toerenensmikkelen.nl\/de\/wp-json\/wp\/v2\/product_brand?post=22839"},{"taxonomy":"product_cat","embeddable":true,"href":"https:\/\/www.toerenensmikkelen.nl\/de\/wp-json\/wp\/v2\/product_cat?post=22839"},{"taxonomy":"product_tag","embeddable":true,"href":"https:\/\/www.toerenensmikkelen.nl\/de\/wp-json\/wp\/v2\/product_tag?post=22839"}],"curies":[{"name":"wp","href":"https:\/\/api.w.org\/{rel}","templated":true}]}}